{"id":181,"date":"2022-07-28T09:21:02","date_gmt":"2022-07-28T07:21:02","guid":{"rendered":"https:\/\/lecoreparateurdevelo.fr\/?page_id=181"},"modified":"2022-08-02T17:18:16","modified_gmt":"2022-08-02T15:18:16","slug":"a-propos","status":"publish","type":"page","link":"https:\/\/www.lecoreparateurdevelo.fr\/?page_id=181","title":{"rendered":"\u00c0 propos"},"content":{"rendered":"<p><img loading=\"lazy\" decoding=\"async\" class=\"alignnone wp-image-305 size-full\" src=\"http:\/\/www.lecoreparateurdevelo.fr\/wp-content\/uploads\/2022\/08\/Photo_Certification_1024x256.jpg\" alt=\"\" width=\"1024\" height=\"256\" srcset=\"https:\/\/www.lecoreparateurdevelo.fr\/wp-content\/uploads\/2022\/08\/Photo_Certification_1024x256.jpg 1024w, https:\/\/www.lecoreparateurdevelo.fr\/wp-content\/uploads\/2022\/08\/Photo_Certification_1024x256-600x150.jpg 600w, https:\/\/www.lecoreparateurdevelo.fr\/wp-content\/uploads\/2022\/08\/Photo_Certification_1024x256-300x75.jpg 300w, https:\/\/www.lecoreparateurdevelo.fr\/wp-content\/uploads\/2022\/08\/Photo_Certification_1024x256-768x192.jpg 768w\" sizes=\"auto, (max-width: 1024px) 100vw, 1024px\" \/><\/p>\n<p>J&rsquo;ai commenc\u00e9 le v\u00e9lo \u00e0 l&rsquo;\u00e2ge de 9 ans au N\u00e9pal et j&rsquo;ai pass\u00e9 pas mal de temps \u00e0 regarder un r\u00e9parateur de v\u00e9los qui se trouvait \u00e0 300 m de chez moi ; \u00e0 100 m il y avait un garage de voitures. Gr\u00e2ce \u00e0 cela j&rsquo;ai \u00e9t\u00e9 attir\u00e9 par la m\u00e9canique et le travail manuel.<br \/>\nEn France depuis 1999, j&rsquo;ai d\u00e9j\u00e0 eu plusieurs m\u00e9tiers dans la vie comme serveur, livreur, musicien. Apr\u00e8s 1 mois de formation de cr\u00eaperie je me suis install\u00e9 6 place de Rungis (75013) en tant que cr\u00eapier en triporteur pendant 3 ans. Aujourd\u2019hui je suis r\u00e9parateur de v\u00e9los.<\/p>\n<p>Mon retour \u00e0 cette passion du v\u00e9lo fut gr\u00e2ce au confinement pendant mes vacances sur l&rsquo;\u00eele de la R\u00e9union : le seul moyen de sortir c&rsquo;\u00e9tait le v\u00e9lo en mode sportif. Je n&rsquo;avais \u00e0 disposition qu&rsquo;un vieux v\u00e9lo d\u00e9fectueux (rest\u00e9 dehors depuis longtemps). Je l&rsquo;ai retap\u00e9 avec les moyens du bord et pendant 1 mois je me suis bien amus\u00e9.<\/p>\n<p>A mon retour sur Paris, je me suis inscrit \u00e0 une formation \u00ab\u00a0M\u00e9canique cycle et r\u00e9emploi\u00a0\u00bb qui d\u00e9butait le 25 octobre 2021. J&rsquo;ai suivi 511 heures de formation sur tout type de v\u00e9lo et 140 heures de stage. J&rsquo;ai eu la chance de b\u00e9n\u00e9ficier d&rsquo;un cadre id\u00e9al : un tr\u00e8s bon formateur et un super groupe de 12 personnes tr\u00e8s motiv\u00e9es. Nicolas mon tuteur avait 8 ans d&rsquo;exp\u00e9rience dans le domaine dont 5 ans chez D\u00e9cathlon. C&rsquo;est un fanatique du v\u00e9lo et un g\u00e9nie de la r\u00e9paration. Il m&rsquo;a transmis son enthousiasme du v\u00e9lo et son savoir-faire. J&rsquo;ai pass\u00e9 de tr\u00e8s bons moments avec lui, il m&rsquo;a donn\u00e9 confiance et m&rsquo;a fait comprendre que la r\u00e9paration prend du temps et que le plaisir n&rsquo;est pas d&rsquo;aller vite car il y a toujours des surprises. Nous avions 1h de pause mais nous finissions de manger en 15 minutes pour nous remettre au travail.<\/p>\n<p>Emmanuel (alias le patron) a \u00e9t\u00e9 aussi tr\u00e8s sympa et il m&rsquo;a tr\u00e8s bien accueilli d\u00e8s mon 1er jour. Il m&rsquo;a tout de suite mis \u00e0 l&rsquo;essai, j&rsquo;ai fait de grosses erreurs et j&rsquo;ai tr\u00e8s bien r\u00e9ussi ensuite en suivant ses conseils. Je le remercie et j&rsquo;ai h\u00e2te de travailler avec lui dans un futur proche. Enfin j&rsquo;ai eu mon attestation de comp\u00e9tence le 11 f\u00e9vier 2022. Je me lance depuis dans l&rsquo;\u00e9co-r\u00e9paration de v\u00e9los pour remettre en service ce qui nous donne toujours envie de p\u00e9daler.<\/p>\n<p>Ps: Pour ce qui est de mon c\u00f4t\u00e9 musical, je suis chanteur, compositeur, \u00e9crivain, interpr\u00e8te, professeur de guitare pour d\u00e9butants et je donne des cours de guitare via Youtube (en N\u00e9pali pour ceux qui n&rsquo;ont pas les moyens de payer des cours de guitare car je ne veux pas que se r\u00e9p\u00e8te la m\u00eame histoire que la mienne). Depuis 2015, tous les dimanches j&rsquo;organise des rencontres musicales au Parc Montsouris (vous l&rsquo;avez s\u00fbrement remarqu\u00e9 ou sinon venez d\u00e9couvrir cette exp\u00e9rience !).<\/p>\n","protected":false},"excerpt":{"rendered":"<p>J&rsquo;ai commenc\u00e9 le v\u00e9lo \u00e0 l&rsquo;\u00e2ge de 9 ans au N\u00e9pal et j&rsquo;ai pass\u00e9 pas mal de temps \u00e0 regarder un r\u00e9parateur de v\u00e9los qui se trouvait \u00e0 300 m de chez moi ; \u00e0 100 m il y avait un garage de voitures. Gr\u00e2ce \u00e0 cela j&rsquo;ai \u00e9t\u00e9 attir\u00e9 par la m\u00e9canique et le&hellip;&nbsp;<a href=\"https:\/\/www.lecoreparateurdevelo.fr\/?page_id=181\" rel=\"bookmark\">Lire la suite &raquo;<span class=\"screen-reader-text\">\u00c0 propos<\/span><\/a><\/p>\n","protected":false},"author":1,"featured_media":0,"parent":0,"menu_order":0,"comment_status":"closed","ping_status":"closed","template":"","meta":{"neve_meta_sidebar":"","neve_meta_container":"default","neve_meta_enable_content_width":"off","neve_meta_content_width":100,"neve_meta_title_alignment":"","neve_meta_author_avatar":"","neve_post_elements_order":"","neve_meta_disable_header":"","neve_meta_disable_footer":"","neve_meta_disable_title":"","footnotes":""},"class_list":["post-181","page","type-page","status-publish","hentry"],"_links":{"self":[{"href":"https:\/\/www.lecoreparateurdevelo.fr\/index.php?rest_route=\/wp\/v2\/pages\/181","targetHints":{"allow":["GET"]}}],"collection":[{"href":"https:\/\/www.lecoreparateurdevelo.fr\/index.php?rest_route=\/wp\/v2\/pages"}],"about":[{"href":"https:\/\/www.lecoreparateurdevelo.fr\/index.php?rest_route=\/wp\/v2\/types\/page"}],"author":[{"embeddable":true,"href":"https:\/\/www.lecoreparateurdevelo.fr\/index.php?rest_route=\/wp\/v2\/users\/1"}],"replies":[{"embeddable":true,"href":"https:\/\/www.lecoreparateurdevelo.fr\/index.php?rest_route=%2Fwp%2Fv2%2Fcomments&post=181"}],"version-history":[{"count":23,"href":"https:\/\/www.lecoreparateurdevelo.fr\/index.php?rest_route=\/wp\/v2\/pages\/181\/revisions"}],"predecessor-version":[{"id":425,"href":"https:\/\/www.lecoreparateurdevelo.fr\/index.php?rest_route=\/wp\/v2\/pages\/181\/revisions\/425"}],"wp:attachment":[{"href":"https:\/\/www.lecoreparateurdevelo.fr\/index.php?rest_route=%2Fwp%2Fv2%2Fmedia&parent=181"}],"curies":[{"name":"wp","href":"https:\/\/api.w.org\/{rel}","templated":true}]}}