{"id":166,"date":"2022-07-28T09:17:25","date_gmt":"2022-07-28T07:17:25","guid":{"rendered":"https:\/\/lecoreparateurdevelo.fr\/?page_id=166"},"modified":"2026-03-08T16:40:35","modified_gmt":"2026-03-08T15:40:35","slug":"tarif","status":"publish","type":"page","link":"https:\/\/www.lecoreparateurdevelo.fr\/?page_id=166","title":{"rendered":"Tarifs"},"content":{"rendered":"\n<p>Les tarifs affich\u00e9s sont ceux de la main d&rsquo;\u0153uvre, les co\u00fbts des pi\u00e8ces d\u00e9tach\u00e9s s&rsquo;additionnent (prix d\u00e9pendant du mod\u00e8le de v\u00e9lo).<\/p>\n\n\n\n<table id=\"tablepress-4\" class=\"tablepress tablepress-id-4\">\n<tbody>\n<tr class=\"row-1\">\n\t<td class=\"column-1\">Crevaison roue avant v\u00e9lo musculaire<\/td><td class=\"column-2\">15\u20ac<\/td><td class=\"column-3\"><\/td>\n<\/tr>\n<tr class=\"row-2\">\n\t<td class=\"column-1\">Crevaison roue arri\u00e8re v\u00e9lo musculaire<\/td><td class=\"column-2\">17\u20ac<\/td><td class=\"column-3\"><\/td>\n<\/tr>\n<tr class=\"row-3\">\n\t<td class=\"column-1\">Changement de pneu\/roue avant v\u00e9lo musculaire<\/td><td class=\"column-2\">18\u20ac<\/td><td class=\"column-3\"><\/td>\n<\/tr>\n<tr class=\"row-4\">\n\t<td class=\"column-1\">Changement de pneu\/roue arri\u00e8re v\u00e9lo musculaire<\/td><td class=\"column-2\">23\u20ac<\/td><td class=\"column-3\"><\/td>\n<\/tr>\n<tr class=\"row-5\">\n\t<td class=\"column-1\">R\u00e9glage de d\u00e9railleur avant ou arri\u00e8re v\u00e9lo musculaire<\/td><td class=\"column-2\">15\u20ac<\/td><td class=\"column-3\"><\/td>\n<\/tr>\n<tr class=\"row-6\">\n\t<td class=\"column-1\">Changement d\u2019un c\u00e2ble d\u00e9railleur et r\u00e9glage v\u00e9lo musculaire<\/td><td class=\"column-2\">15\u20ac<\/td><td class=\"column-3\"><\/td>\n<\/tr>\n<tr class=\"row-7\">\n\t<td class=\"column-1\">Changement de cha\u00eene et r\u00e9glage v\u00e9lo musculaire<\/td><td class=\"column-2\">15\u20ac<\/td><td class=\"column-3\"><\/td>\n<\/tr>\n<tr class=\"row-8\">\n\t<td class=\"column-1\">Changement de cha\u00eene single speed<\/td><td class=\"column-2\">18\u20ac<\/td><td class=\"column-3\"><\/td>\n<\/tr>\n<tr class=\"row-9\">\n\t<td class=\"column-1\">Changement de d\u00e9railleur et r\u00e9glage v\u00e9lo musculaire<\/td><td class=\"column-2\">22\u20ac<\/td><td class=\"column-3\"><\/td>\n<\/tr>\n<tr class=\"row-10\">\n\t<td class=\"column-1\">Changement de patte de d\u00e9railleur et r\u00e9glage v\u00e9lo musculaire<\/td><td class=\"column-2\">25\u20ac<\/td><td class=\"column-3\"><\/td>\n<\/tr>\n<tr class=\"row-11\">\n\t<td class=\"column-1\">Changement d&rsquo;un d\u00e9railleur <\/td><td class=\"column-2\">25\u20ac<\/td><td class=\"column-3\"><\/td>\n<\/tr>\n<tr class=\"row-12\">\n\t<td class=\"column-1\">Changement de p\u00e9dale ou p\u00e9dalier<\/td><td class=\"column-2\">15\u20ac<\/td><td class=\"column-3\"><\/td>\n<\/tr>\n<tr class=\"row-13\">\n\t<td class=\"column-1\">Changement de boitier p\u00e9dalier<\/td><td class=\"column-2\">45\u20ac<\/td><td class=\"column-3\"><\/td>\n<\/tr>\n<tr class=\"row-14\">\n\t<td class=\"column-1\">Changement de syst\u00e8me clavette vers boitier<\/td><td class=\"column-2\">60\u20ac<\/td><td class=\"column-3\"><\/td>\n<\/tr>\n<tr class=\"row-15\">\n\t<td class=\"column-1\">Changement de plateaux<\/td><td class=\"column-2\">25\u20ac<\/td><td class=\"column-3\"><\/td>\n<\/tr>\n<tr class=\"row-16\">\n\t<td class=\"column-1\">Changement de roue libre (3 \u00e0 7v)<\/td><td class=\"column-2\">15\u20ac<\/td><td class=\"column-3\"><\/td>\n<\/tr>\n<tr class=\"row-17\">\n\t<td class=\"column-1\">Changement de cassette<\/td><td class=\"column-2\">18\u20ac<\/td><td class=\"column-3\"><\/td>\n<\/tr>\n<tr class=\"row-18\">\n\t<td class=\"column-1\">Changement de rayon 1 \u00e0 3<\/td><td class=\"column-2\">20\u20ac<\/td><td class=\"column-3\"><\/td>\n<\/tr>\n<tr class=\"row-19\">\n\t<td class=\"column-1\">Graissage roue roulement avant<\/td><td class=\"column-2\">25\u20ac<\/td><td class=\"column-3\"><\/td>\n<\/tr>\n<tr class=\"row-20\">\n\t<td class=\"column-1\">Graissage roue roulement arri\u00e8re<\/td><td class=\"column-2\">35\u20ac<\/td><td class=\"column-3\"><\/td>\n<\/tr>\n<tr class=\"row-21\">\n\t<td class=\"column-1\">Changement de p\u00e9dalier<\/td><td class=\"column-2\">35\u20ac<\/td><td class=\"column-3\"><\/td>\n<\/tr>\n<tr class=\"row-22\">\n\t<td class=\"column-1\">Changement d\u2019un c\u00e2ble et r\u00e9glage<\/td><td class=\"column-2\">12\u20ac<br \/>\n<\/td><td class=\"column-3\"><\/td>\n<\/tr>\n<tr class=\"row-23\">\n\t<td class=\"column-1\">Changement d\u2019une paire de patin et r\u00e9glage<\/td><td class=\"column-2\">12\u20ac<\/td><td class=\"column-3\"><\/td>\n<\/tr>\n<tr class=\"row-24\">\n\t<td class=\"column-1\">Changement d\u2019une gaine et r\u00e9glage<\/td><td class=\"column-2\">12\u20ac<\/td><td class=\"column-3\"><\/td>\n<\/tr>\n<tr class=\"row-25\">\n\t<td class=\"column-1\">R\u00e9glage de frein avant ou arri\u00e8re<\/td><td class=\"column-2\">12\u20ac<\/td><td class=\"column-3\"><\/td>\n<\/tr>\n<tr class=\"row-26\">\n\t<td class=\"column-1\">Changement d\u2019un c\u00e2ble et r\u00e9glage<\/td><td class=\"column-2\">15\u20ac<\/td><td class=\"column-3\"><\/td>\n<\/tr>\n<tr class=\"row-27\">\n\t<td class=\"column-1\">Changement d\u2019une paire de plaquette et r\u00e9glage<\/td><td class=\"column-2\">15\u20ac<\/td><td class=\"column-3\"><\/td>\n<\/tr>\n<tr class=\"row-28\">\n\t<td class=\"column-1\">Changement d\u2019un disque et r\u00e9glage<\/td><td class=\"column-2\">20\u20ac<\/td><td class=\"column-3\"><\/td>\n<\/tr>\n<tr class=\"row-29\">\n\t<td class=\"column-1\">Changement d\u2019une gaine et r\u00e9glage<\/td><td class=\"column-2\">15\u20ac<\/td><td class=\"column-3\"><\/td>\n<\/tr>\n<tr class=\"row-30\">\n\t<td class=\"column-1\">R\u00e9glage de frein avant ou arri\u00e8re<\/td><td class=\"column-2\">15\u20ac<\/td><td class=\"column-3\"><\/td>\n<\/tr>\n<tr class=\"row-31\">\n\t<td class=\"column-1\">Purge frein avant<\/td><td class=\"column-2\">35\u20ac<\/td><td class=\"column-3\"><\/td>\n<\/tr>\n<tr class=\"row-32\">\n\t<td class=\"column-1\">Purge frein arri\u00e8re<\/td><td class=\"column-2\">45\u20ac<\/td><td class=\"column-3\"><\/td>\n<\/tr>\n<tr class=\"row-33\">\n\t<td class=\"column-1\">Crevaison roue avant Hollandais<\/td><td class=\"column-2\">20\u20ac<\/td><td class=\"column-3\"><\/td>\n<\/tr>\n<tr class=\"row-34\">\n\t<td class=\"column-1\">Crevaison roue arri\u00e8re Hollandais<\/td><td class=\"column-2\">35\u20ac<\/td><td class=\"column-3\"><\/td>\n<\/tr>\n<tr class=\"row-35\">\n\t<td class=\"column-1\">Changement d\u2019un c\u00e2ble, gaine et r\u00e9glage Hollandais<\/td><td class=\"column-2\">30\u20ac<\/td><td class=\"column-3\"><\/td>\n<\/tr>\n<tr class=\"row-36\">\n\t<td class=\"column-1\">R\u00e9glage de frein avant ou arri\u00e8re Hollandais<\/td><td class=\"column-2\">18\u20ac<\/td><td class=\"column-3\"><\/td>\n<\/tr>\n<tr class=\"row-37\">\n\t<td class=\"column-1\">R\u00e9glage de d\u00e9railleur arri\u00e8re Hollanfais<\/td><td class=\"column-2\">20\u20ac<\/td><td class=\"column-3\"><\/td>\n<\/tr>\n<tr class=\"row-38\">\n\t<td class=\"column-1\">Crevaison roue avant Electrique moteur arri\u00e8re<\/td><td class=\"column-2\">20\u20ac<\/td><td class=\"column-3\"><\/td>\n<\/tr>\n<tr class=\"row-39\">\n\t<td class=\"column-1\">Crevaison roue arri\u00e8re Electrique moteur arri\u00e8re<\/td><td class=\"column-2\">35\u20ac<\/td><td class=\"column-3\"><\/td>\n<\/tr>\n<tr class=\"row-40\">\n\t<td class=\"column-1\">Changement de p\u00e9dale ou p\u00e9dalier Electrique moteur arri\u00e8re<\/td><td class=\"column-2\">20\u20ac<\/td><td class=\"column-3\"><\/td>\n<\/tr>\n<tr class=\"row-41\">\n\t<td class=\"column-1\">Crevaison roue avant Gaya ou longtail<\/td><td class=\"column-2\">20\u20ac<\/td><td class=\"column-3\"><\/td>\n<\/tr>\n<tr class=\"row-42\">\n\t<td class=\"column-1\">Crevaison roue arri\u00e8re Gaya ou longtail<\/td><td class=\"column-2\">35\u20ac<\/td><td class=\"column-3\"><\/td>\n<\/tr>\n<tr class=\"row-43\">\n\t<td class=\"column-1\">Changement de plaquette de frein et r\u00e9glage Gaya ou longtail<\/td><td class=\"column-2\">20\u20ac<\/td><td class=\"column-3\"><\/td>\n<\/tr>\n<tr class=\"row-44\">\n\t<td class=\"column-1\">Changement d\u2019un c\u00e2ble et r\u00e9glage Gaya ou longtail<\/td><td class=\"column-2\">20\u20ac<\/td><td class=\"column-3\"><\/td>\n<\/tr>\n<tr class=\"row-45\">\n\t<td class=\"column-1\">Changement d\u2019une gaine et r\u00e9glage Gaya ou longtail<\/td><td class=\"column-2\">20\u20ac<\/td><td class=\"column-3\"><\/td>\n<\/tr>\n<tr class=\"row-46\">\n\t<td class=\"column-1\">Changement d\u2019un c\u00e2ble + gaine et r\u00e9glage Gaya ou longtail<\/td><td class=\"column-2\">35\u20ac<\/td><td class=\"column-3\"><\/td>\n<\/tr>\n<tr class=\"row-47\">\n\t<td class=\"column-1\">Changement de roue libre ou cassette Gaya ou longtail<\/td><td class=\"column-2\">35\u20ac<\/td><td class=\"column-3\"><\/td>\n<\/tr>\n<tr class=\"row-48\">\n\t<td class=\"column-1\">Changement de cha\u00eene Gaya ou longtail<\/td><td class=\"column-2\">35\u20ac<\/td><td class=\"column-3\"><\/td>\n<\/tr>\n<tr class=\"row-49\">\n\t<td class=\"column-1\">Purge frein avant ou arri\u00e8re Gaya ou longtail<\/td><td class=\"column-2\">45\u20ac<\/td><td class=\"column-3\"><\/td>\n<\/tr>\n<tr class=\"row-50\">\n\t<td class=\"column-1\">R\u00e9vision Gaya ou longtail<\/td><td class=\"column-2\">60\u20ac<\/td><td class=\"column-3\"><\/td>\n<\/tr>\n<tr class=\"row-51\">\n\t<td class=\"column-1\">Crevaison roue avant Fat Bike 20&#215;4.0<\/td><td class=\"column-2\">25\u20ac<\/td><td class=\"column-3\"><\/td>\n<\/tr>\n<tr class=\"row-52\">\n\t<td class=\"column-1\">Crevaison roue arri\u00e8re Fat Bike 20&#215;4.0<\/td><td class=\"column-2\">45\u20ac<\/td><td class=\"column-3\"><\/td>\n<\/tr>\n<tr class=\"row-53\">\n\t<td class=\"column-1\">Changement de plaquette de frein et r\u00e9glage Fat Bike 20&#215;4.0<\/td><td class=\"column-2\">20\u20ac<\/td><td class=\"column-3\"><\/td>\n<\/tr>\n<tr class=\"row-54\">\n\t<td class=\"column-1\">Changement d\u2019un c\u00e2ble frein ou gaine et r\u00e9glage Fat Bike 20&#215;4.0<\/td><td class=\"column-2\">20\u20ac<\/td><td class=\"column-3\"><\/td>\n<\/tr>\n<tr class=\"row-55\">\n\t<td class=\"column-1\">Changement d\u2019un c\u00e2ble d\u00e9railleur et r\u00e9glage Fat Bike 20&#215;4.0<\/td><td class=\"column-2\">20\u20ac<\/td><td class=\"column-3\"><\/td>\n<\/tr>\n<tr class=\"row-56\">\n\t<td class=\"column-1\">Purge frein avant ou arri\u00e8re Fat Bike 20&#215;4.0<\/td><td class=\"column-2\">48\u20ac<\/td><td class=\"column-3\"><\/td>\n<\/tr>\n<tr class=\"row-57\">\n\t<td class=\"column-1\">Changement de roue libre Fat Bike 20&#215;4.0<\/td><td class=\"column-2\">45\u20ac<\/td><td class=\"column-3\"><\/td>\n<\/tr>\n<tr class=\"row-58\">\n\t<td class=\"column-1\">Changement de cha\u00eene Fat Bike 20&#215;4.0<\/td><td class=\"column-2\">20\u20ac<\/td><td class=\"column-3\"><\/td>\n<\/tr>\n<tr class=\"row-59\">\n\t<td class=\"column-1\">R\u00e9vision v\u00e9lo classique ou musculaire<\/td><td class=\"column-2\">45\u20ac<\/td><td class=\"column-3\"><\/td>\n<\/tr>\n<tr class=\"row-60\">\n\t<td class=\"column-1\">Nettoyage<\/td><td class=\"column-2\">35\u20ac-55\u20ac<\/td><td class=\"column-3\"><\/td>\n<\/tr>\n<tr class=\"row-61\">\n\t<td class=\"column-1\">Contr\u00f4le technique<\/td><td class=\"column-2\">65\u20ac<\/td><td class=\"column-3\"><\/td>\n<\/tr>\n<tr class=\"row-62\">\n\t<td class=\"column-1\">Formation Frein (installer, r\u00e9gler) th\u00e9orie, pratique 1 heure<\/td><td class=\"column-2\">75\u20ac<\/td><td class=\"column-3\"><\/td>\n<\/tr>\n<tr class=\"row-63\">\n\t<td class=\"column-1\">Formation Pneumatique (installer, r\u00e9gler, rustine) 1 heure 30<\/td><td class=\"column-2\">100\u20ac<\/td><td class=\"column-3\"><\/td>\n<\/tr>\n<tr class=\"row-64\">\n\t<td class=\"column-1\">Formation Transmissions (2 d\u00e9railleur et chaine) 2 heures<\/td><td class=\"column-2\">150\u20ac<\/td><td class=\"column-3\"><\/td>\n<\/tr>\n<tr class=\"row-65\">\n\t<td class=\"column-1\">Formation compl\u00e8te (Frein, Pneus, Transmission) 2 fois 1h30 sur 2 jours<\/td><td class=\"column-2\">300\u20ac<\/td><td class=\"column-3\"><\/td>\n<\/tr>\n<\/tbody>\n<\/table>\n<!-- #tablepress-4 from cache -->\n\n\n<figure class=\"wp-block-gallery has-nested-images columns-default is-cropped wp-block-gallery-1 is-layout-flex wp-block-gallery-is-layout-flex\">\n<figure class=\"wp-block-image size-large\"><img loading=\"lazy\" decoding=\"async\" width=\"725\" height=\"1024\" data-id=\"1402\" src=\"https:\/\/www.lecoreparateurdevelo.fr\/wp-content\/uploads\/2026\/03\/tarif_page-0001-3-725x1024.jpg\" alt=\"\" class=\"wp-image-1402\" srcset=\"https:\/\/www.lecoreparateurdevelo.fr\/wp-content\/uploads\/2026\/03\/tarif_page-0001-3-725x1024.jpg 725w, https:\/\/www.lecoreparateurdevelo.fr\/wp-content\/uploads\/2026\/03\/tarif_page-0001-3-212x300.jpg 212w, https:\/\/www.lecoreparateurdevelo.fr\/wp-content\/uploads\/2026\/03\/tarif_page-0001-3-768x1085.jpg 768w, https:\/\/www.lecoreparateurdevelo.fr\/wp-content\/uploads\/2026\/03\/tarif_page-0001-3-1087x1536.jpg 1087w, https:\/\/www.lecoreparateurdevelo.fr\/wp-content\/uploads\/2026\/03\/tarif_page-0001-3-600x848.jpg 600w, https:\/\/www.lecoreparateurdevelo.fr\/wp-content\/uploads\/2026\/03\/tarif_page-0001-3.jpg 1241w\" sizes=\"auto, (max-width: 725px) 100vw, 725px\" \/><\/figure>\n\n\n\n<figure class=\"wp-block-image size-large\"><img loading=\"lazy\" decoding=\"async\" width=\"725\" height=\"1024\" data-id=\"1403\" src=\"https:\/\/www.lecoreparateurdevelo.fr\/wp-content\/uploads\/2026\/03\/tarif_page-0002-2-725x1024.jpg\" alt=\"\" class=\"wp-image-1403\" srcset=\"https:\/\/www.lecoreparateurdevelo.fr\/wp-content\/uploads\/2026\/03\/tarif_page-0002-2-725x1024.jpg 725w, https:\/\/www.lecoreparateurdevelo.fr\/wp-content\/uploads\/2026\/03\/tarif_page-0002-2-212x300.jpg 212w, https:\/\/www.lecoreparateurdevelo.fr\/wp-content\/uploads\/2026\/03\/tarif_page-0002-2-768x1085.jpg 768w, https:\/\/www.lecoreparateurdevelo.fr\/wp-content\/uploads\/2026\/03\/tarif_page-0002-2-1087x1536.jpg 1087w, https:\/\/www.lecoreparateurdevelo.fr\/wp-content\/uploads\/2026\/03\/tarif_page-0002-2-600x848.jpg 600w, https:\/\/www.lecoreparateurdevelo.fr\/wp-content\/uploads\/2026\/03\/tarif_page-0002-2.jpg 1241w\" sizes=\"auto, (max-width: 725px) 100vw, 725px\" \/><\/figure>\n<\/figure>\n\n\n\n<p><\/p>\n\n\n<div class=\"wp-block-image\">\n<figure class=\"aligncenter size-large is-resized\"><img loading=\"lazy\" decoding=\"async\" width=\"725\" height=\"1024\" src=\"https:\/\/www.lecoreparateurdevelo.fr\/wp-content\/uploads\/2026\/03\/tarif_page-0003-2-725x1024.jpg\" alt=\"\" class=\"wp-image-1404\" style=\"aspect-ratio:0.708018616006714;width:581px;height:auto\" srcset=\"https:\/\/www.lecoreparateurdevelo.fr\/wp-content\/uploads\/2026\/03\/tarif_page-0003-2-725x1024.jpg 725w, https:\/\/www.lecoreparateurdevelo.fr\/wp-content\/uploads\/2026\/03\/tarif_page-0003-2-212x300.jpg 212w, https:\/\/www.lecoreparateurdevelo.fr\/wp-content\/uploads\/2026\/03\/tarif_page-0003-2-768x1085.jpg 768w, https:\/\/www.lecoreparateurdevelo.fr\/wp-content\/uploads\/2026\/03\/tarif_page-0003-2-1087x1536.jpg 1087w, https:\/\/www.lecoreparateurdevelo.fr\/wp-content\/uploads\/2026\/03\/tarif_page-0003-2-600x848.jpg 600w, https:\/\/www.lecoreparateurdevelo.fr\/wp-content\/uploads\/2026\/03\/tarif_page-0003-2.jpg 1241w\" sizes=\"auto, (max-width: 725px) 100vw, 725px\" \/><\/figure>\n<\/div>\n\n\n<p class=\"has-medium-font-size\">Autres prestations possibles sur devis.<\/p>\n\n\n\n<div class=\"wp-block-media-text is-stacked-on-mobile\" style=\"grid-template-columns:15% auto\"><figure class=\"wp-block-media-text__media\"><img loading=\"lazy\" decoding=\"async\" width=\"1024\" height=\"503\" src=\"http:\/\/www.lecoreparateurdevelo.fr\/wp-content\/uploads\/2022\/08\/Logo_CB-1-1024x503-1.png\" alt=\"\" class=\"wp-image-400 size-full\" srcset=\"https:\/\/www.lecoreparateurdevelo.fr\/wp-content\/uploads\/2022\/08\/Logo_CB-1-1024x503-1.png 1024w, https:\/\/www.lecoreparateurdevelo.fr\/wp-content\/uploads\/2022\/08\/Logo_CB-1-1024x503-1-600x295.png 600w, https:\/\/www.lecoreparateurdevelo.fr\/wp-content\/uploads\/2022\/08\/Logo_CB-1-1024x503-1-300x147.png 300w, https:\/\/www.lecoreparateurdevelo.fr\/wp-content\/uploads\/2022\/08\/Logo_CB-1-1024x503-1-768x377.png 768w\" sizes=\"auto, (max-width: 1024px) 100vw, 1024px\" \/><\/figure><div class=\"wp-block-media-text__content\">\n<p class=\"has-medium-font-size\">Les moyens de paiement accept\u00e9s sont la carte bleu ou esp\u00e8ces.<\/p>\n<\/div><\/div>\n\n\n","protected":false},"excerpt":{"rendered":"<p>Les tarifs affich\u00e9s sont ceux de la main d&rsquo;\u0153uvre, les co\u00fbts des pi\u00e8ces d\u00e9tach\u00e9s s&rsquo;additionnent (prix d\u00e9pendant du mod\u00e8le de v\u00e9lo). Autres prestations possibles sur devis. Les moyens de paiement accept\u00e9s sont la carte bleu ou esp\u00e8ces.<\/p>\n","protected":false},"author":1,"featured_media":0,"parent":0,"menu_order":0,"comment_status":"closed","ping_status":"closed","template":"","meta":{"neve_meta_sidebar":"","neve_meta_container":"","neve_meta_enable_content_width":"","neve_meta_content_width":0,"neve_meta_title_alignment":"","neve_meta_author_avatar":"","neve_post_elements_order":"","neve_meta_disable_header":"","neve_meta_disable_footer":"","neve_meta_disable_title":"","footnotes":""},"class_list":["post-166","page","type-page","status-publish","hentry"],"_links":{"self":[{"href":"https:\/\/www.lecoreparateurdevelo.fr\/index.php?rest_route=\/wp\/v2\/pages\/166","targetHints":{"allow":["GET"]}}],"collection":[{"href":"https:\/\/www.lecoreparateurdevelo.fr\/index.php?rest_route=\/wp\/v2\/pages"}],"about":[{"href":"https:\/\/www.lecoreparateurdevelo.fr\/index.php?rest_route=\/wp\/v2\/types\/page"}],"author":[{"embeddable":true,"href":"https:\/\/www.lecoreparateurdevelo.fr\/index.php?rest_route=\/wp\/v2\/users\/1"}],"replies":[{"embeddable":true,"href":"https:\/\/www.lecoreparateurdevelo.fr\/index.php?rest_route=%2Fwp%2Fv2%2Fcomments&post=166"}],"version-history":[{"count":50,"href":"https:\/\/www.lecoreparateurdevelo.fr\/index.php?rest_route=\/wp\/v2\/pages\/166\/revisions"}],"predecessor-version":[{"id":1406,"href":"https:\/\/www.lecoreparateurdevelo.fr\/index.php?rest_route=\/wp\/v2\/pages\/166\/revisions\/1406"}],"wp:attachment":[{"href":"https:\/\/www.lecoreparateurdevelo.fr\/index.php?rest_route=%2Fwp%2Fv2%2Fmedia&parent=166"}],"curies":[{"name":"wp","href":"https:\/\/api.w.org\/{rel}","templated":true}]}}